{"id":2094,"date":"2026-02-02T21:14:05","date_gmt":"2026-02-02T21:14:05","guid":{"rendered":"https:\/\/catalog.ouafra.com\/?post_type=product&#038;p=2094"},"modified":"2026-02-02T21:43:07","modified_gmt":"2026-02-02T21:43:07","slug":"long-cushions-%d9%85%d8%ae%d8%af%d8%a9-%d8%b7%d9%88%d9%8a%d9%84%d8%a9-handmade-moroccan-pillow","status":"publish","type":"product","link":"https:\/\/catalog.ouafra.com\/fr\/produit\/long-cushions-%d9%85%d8%ae%d8%af%d8%a9-%d8%b7%d9%88%d9%8a%d9%84%d8%a9-handmade-moroccan-pillow\/","title":{"rendered":"Long Cushions \/ \u0645\u062e\u062f\u0629 \u0637\u0648\u064a\u0644\u0629 \u2014 Handmade Moroccan Pillow"},"content":{"rendered":"<p>Handmade long cushions (lumbar pillows) for sofas, benches, and bed styling. Select your preferred size.<\/p>\n<p>Care: gentle wash, cold water, air dry recommended.<\/p>\n<p>Tags: Oreiller pour canap\u00e9, oreiller kilim vintage, oreiller tapis kilim ethnique 16 x 36, coussin kilim, taie de coussin beige, oreiller lombaire turc,<\/p>","protected":false},"excerpt":{"rendered":"<p>Long Moroccan cushions for lumbar support and sofa styling. Choose your size.<\/p>","protected":false},"featured_media":2119,"comment_status":"open","ping_status":"closed","template":"","meta":{"ocean_post_layout":"","ocean_both_sidebars_style":"","ocean_both_sidebars_content_width":0,"ocean_both_sidebars_sidebars_width":0,"ocean_sidebar":"0","ocean_second_sidebar":"0","ocean_disable_margins":"enable","ocean_add_body_class":"","ocean_shortcode_before_top_bar":"","ocean_shortcode_after_top_bar":"","ocean_shortcode_before_header":"","ocean_shortcode_after_header":"","ocean_has_shortcode":"","ocean_shortcode_after_title":"","ocean_shortcode_before_footer_widgets":"","ocean_shortcode_after_footer_widgets":"","ocean_shortcode_before_footer_bottom":"","ocean_shortcode_after_footer_bottom":"","ocean_display_top_bar":"default","ocean_display_header":"default","ocean_header_style":"","ocean_center_header_left_menu":"0","ocean_custom_header_template":"0","ocean_custom_logo":0,"ocean_custom_retina_logo":0,"ocean_custom_logo_max_width":0,"ocean_custom_logo_tablet_max_width":0,"ocean_custom_logo_mobile_max_width":0,"ocean_custom_logo_max_height":0,"ocean_custom_logo_tablet_max_height":0,"ocean_custom_logo_mobile_max_height":0,"ocean_header_custom_menu":"0","ocean_menu_typo_font_family":"0","ocean_menu_typo_font_subset":"","ocean_menu_typo_font_size":0,"ocean_menu_typo_font_size_tablet":0,"ocean_menu_typo_font_size_mobile":0,"ocean_menu_typo_font_size_unit":"px","ocean_menu_typo_font_weight":"","ocean_menu_typo_font_weight_tablet":"","ocean_menu_typo_font_weight_mobile":"","ocean_menu_typo_transform":"","ocean_menu_typo_transform_tablet":"","ocean_menu_typo_transform_mobile":"","ocean_menu_typo_line_height":0,"ocean_menu_typo_line_height_tablet":0,"ocean_menu_typo_line_height_mobile":0,"ocean_menu_typo_line_height_unit":"","ocean_menu_typo_spacing":0,"ocean_menu_typo_spacing_tablet":0,"ocean_menu_typo_spacing_mobile":0,"ocean_menu_typo_spacing_unit":"","ocean_menu_link_color":"","ocean_menu_link_color_hover":"","ocean_menu_link_color_active":"","ocean_menu_link_background":"","ocean_menu_link_hover_background":"","ocean_menu_link_active_background":"","ocean_menu_social_links_bg":"","ocean_menu_social_hover_links_bg":"","ocean_menu_social_links_color":"","ocean_menu_social_hover_links_color":"","ocean_disable_title":"default","ocean_disable_heading":"default","ocean_post_title":"","ocean_post_subheading":"","ocean_post_title_style":"","ocean_post_title_background_color":"","ocean_post_title_background":0,"ocean_post_title_bg_image_position":"","ocean_post_title_bg_image_attachment":"","ocean_post_title_bg_image_repeat":"","ocean_post_title_bg_image_size":"","ocean_post_title_height":0,"ocean_post_title_bg_overlay":0.5,"ocean_post_title_bg_overlay_color":"","ocean_disable_breadcrumbs":"default","ocean_breadcrumbs_color":"","ocean_breadcrumbs_separator_color":"","ocean_breadcrumbs_links_color":"","ocean_breadcrumbs_links_hover_color":"","ocean_display_footer_widgets":"default","ocean_display_footer_bottom":"default","ocean_custom_footer_template":"0","omw_enable_modal_window":"enable"},"product_brand":[],"product_cat":[172],"product_tag":[199,175,197,173,204,158,154,200,198,205,201,203,202,174,194,196,195,206],"class_list":{"0":"post-2094","1":"product","2":"type-product","3":"status-publish","4":"has-post-thumbnail","6":"product_cat-pillows-cushions","7":"product_tag-accent-cushion","8":"product_tag-artisan-made","9":"product_tag-beige-cushion-case","10":"product_tag-cushion","11":"product_tag-hippie-throw-cushion","12":"product_tag-home-decor","13":"product_tag-moroccan-handmade","14":"product_tag-muted-pillow-case","15":"product_tag-nomadic-cushion","16":"product_tag-outdoor-pillow-case","17":"product_tag-patio-cushion-cover","18":"product_tag-pattern-throw-pillow","19":"product_tag-pet-pillow-cover","20":"product_tag-pillow","21":"product_tag-pillow-for-sofa","22":"product_tag-throw-kilim-pillow","23":"product_tag-vintage-kilim-pillow","24":"product_tag-vintage-pillow-sham","26":"entry","27":"has-media","29":"first","30":"instock","31":"shipping-taxable","32":"purchasable","33":"product-type-variable","34":"has-product-nav","35":"col","36":"span_1_of_3","37":"owp-content-center","38":"owp-thumbs-layout-horizontal","39":"owp-btn-normal","40":"owp-tabs-layout-horizontal"},"yoast_head":"<!-- This site is optimized with the Yoast SEO plugin v25.1 - https:\/\/yoast.com\/wordpress\/plugins\/seo\/ -->\n<title>Long Cushions \/ \u0645\u062e\u062f\u0629 \u0637\u0648\u064a\u0644\u0629 \u2014 Handmade Moroccan Pillow | Catalog Ouafra<\/title>\n<meta name=\"robots\" content=\"index, follow, max-snippet:-1, max-image-preview:large, max-video-preview:-1\" \/>\n<link rel=\"canonical\" href=\"https:\/\/catalog.ouafra.com\/fr\/produit\/long-cushions-\u0645\u062e\u062f\u0629-\u0637\u0648\u064a\u0644\u0629-handmade-moroccan-pillow\/\" \/>\n<meta property=\"og:locale\" content=\"fr_FR\" \/>\n<meta property=\"og:type\" content=\"article\" \/>\n<meta property=\"og:title\" content=\"Long Cushions \/ \u0645\u062e\u062f\u0629 \u0637\u0648\u064a\u0644\u0629 \u2014 Handmade Moroccan Pillow | Catalog Ouafra\" \/>\n<meta property=\"og:description\" content=\"Long Moroccan cushions for lumbar support and sofa styling. Choose your size.\" \/>\n<meta property=\"og:url\" content=\"https:\/\/catalog.ouafra.com\/fr\/produit\/long-cushions-\u0645\u062e\u062f\u0629-\u0637\u0648\u064a\u0644\u0629-handmade-moroccan-pillow\/\" \/>\n<meta property=\"og:site_name\" content=\"Catalog Ouafra\" \/>\n<meta property=\"article:publisher\" content=\"https:\/\/www.facebook.com\/0uafra\" \/>\n<meta property=\"article:modified_time\" content=\"2026-02-02T21:43:07+00:00\" \/>\n<meta property=\"og:image\" content=\"https:\/\/catalog.ouafra.com\/wp-content\/uploads\/2026\/02\/moroccan-black-white-LONG-cushion-cotton-lombaire-handmade-catalog-ouafra3-scaled.jpg\" \/>\n\t<meta property=\"og:image:width\" content=\"2560\" \/>\n\t<meta property=\"og:image:height\" content=\"1440\" \/>\n\t<meta property=\"og:image:type\" content=\"image\/jpeg\" \/>\n<meta name=\"twitter:card\" content=\"summary_large_image\" \/>\n<meta name=\"twitter:label1\" content=\"Dur\u00e9e de lecture estim\u00e9e\" \/>\n\t<meta name=\"twitter:data1\" content=\"1 minute\" \/>\n<script type=\"application\/ld+json\" class=\"yoast-schema-graph\">{\"@context\":\"https:\/\/schema.org\",\"@graph\":[{\"@type\":\"WebPage\",\"@id\":\"https:\/\/catalog.ouafra.com\/product\/long-cushions-%d9%85%d8%ae%d8%af%d8%a9-%d8%b7%d9%88%d9%8a%d9%84%d8%a9-handmade-moroccan-pillow\/\",\"url\":\"https:\/\/catalog.ouafra.com\/product\/long-cushions-%d9%85%d8%ae%d8%af%d8%a9-%d8%b7%d9%88%d9%8a%d9%84%d8%a9-handmade-moroccan-pillow\/\",\"name\":\"Long Cushions \/ \u0645\u062e\u062f\u0629 \u0637\u0648\u064a\u0644\u0629 \u2014 Handmade Moroccan Pillow | Catalog Ouafra\",\"isPartOf\":{\"@id\":\"https:\/\/catalog.ouafra.com\/#website\"},\"primaryImageOfPage\":{\"@id\":\"https:\/\/catalog.ouafra.com\/product\/long-cushions-%d9%85%d8%ae%d8%af%d8%a9-%d8%b7%d9%88%d9%8a%d9%84%d8%a9-handmade-moroccan-pillow\/#primaryimage\"},\"image\":{\"@id\":\"https:\/\/catalog.ouafra.com\/product\/long-cushions-%d9%85%d8%ae%d8%af%d8%a9-%d8%b7%d9%88%d9%8a%d9%84%d8%a9-handmade-moroccan-pillow\/#primaryimage\"},\"thumbnailUrl\":\"https:\/\/catalog.ouafra.com\/wp-content\/uploads\/2026\/02\/moroccan-black-white-LONG-cushion-cotton-lombaire-handmade-catalog-ouafra3-scaled.jpg\",\"datePublished\":\"2026-02-02T21:14:05+00:00\",\"dateModified\":\"2026-02-02T21:43:07+00:00\",\"breadcrumb\":{\"@id\":\"https:\/\/catalog.ouafra.com\/product\/long-cushions-%d9%85%d8%ae%d8%af%d8%a9-%d8%b7%d9%88%d9%8a%d9%84%d8%a9-handmade-moroccan-pillow\/#breadcrumb\"},\"inLanguage\":\"fr-FR\",\"potentialAction\":[{\"@type\":\"ReadAction\",\"target\":[\"https:\/\/catalog.ouafra.com\/product\/long-cushions-%d9%85%d8%ae%d8%af%d8%a9-%d8%b7%d9%88%d9%8a%d9%84%d8%a9-handmade-moroccan-pillow\/\"]}]},{\"@type\":\"ImageObject\",\"inLanguage\":\"fr-FR\",\"@id\":\"https:\/\/catalog.ouafra.com\/product\/long-cushions-%d9%85%d8%ae%d8%af%d8%a9-%d8%b7%d9%88%d9%8a%d9%84%d8%a9-handmade-moroccan-pillow\/#primaryimage\",\"url\":\"https:\/\/catalog.ouafra.com\/wp-content\/uploads\/2026\/02\/moroccan-black-white-LONG-cushion-cotton-lombaire-handmade-catalog-ouafra3-scaled.jpg\",\"contentUrl\":\"https:\/\/catalog.ouafra.com\/wp-content\/uploads\/2026\/02\/moroccan-black-white-LONG-cushion-cotton-lombaire-handmade-catalog-ouafra3-scaled.jpg\",\"width\":2560,\"height\":1440},{\"@type\":\"BreadcrumbList\",\"@id\":\"https:\/\/catalog.ouafra.com\/product\/long-cushions-%d9%85%d8%ae%d8%af%d8%a9-%d8%b7%d9%88%d9%8a%d9%84%d8%a9-handmade-moroccan-pillow\/#breadcrumb\",\"itemListElement\":[{\"@type\":\"ListItem\",\"position\":1,\"name\":\"Home\",\"item\":\"https:\/\/catalog.ouafra.com\/\"},{\"@type\":\"ListItem\",\"position\":2,\"name\":\"Shop\",\"item\":\"https:\/\/catalog.ouafra.com\/shop-2\/\"},{\"@type\":\"ListItem\",\"position\":3,\"name\":\"Long Cushions \/ \u0645\u062e\u062f\u0629 \u0637\u0648\u064a\u0644\u0629 \u2014 Handmade Moroccan Pillow\"}]},{\"@type\":\"WebSite\",\"@id\":\"https:\/\/catalog.ouafra.com\/#website\",\"url\":\"https:\/\/catalog.ouafra.com\/\",\"name\":\"Catalog Ouafra\",\"description\":\"Faites des achats responsables aupr\u00e8s d&#039;artisans qualifi\u00e9s, adoptez des pratiques de commerce \u00e9quitable et trouvez des objets artisanaux, des \u0153uvres d&#039;art, des textiles et bien plus encore. Achetez de mani\u00e8re \u00e9thique et soutenez les artisans du Maroc et d&#039;Afrique.\",\"publisher\":{\"@id\":\"https:\/\/catalog.ouafra.com\/#organization\"},\"potentialAction\":[{\"@type\":\"SearchAction\",\"target\":{\"@type\":\"EntryPoint\",\"urlTemplate\":\"https:\/\/catalog.ouafra.com\/?s={search_term_string}\"},\"query-input\":{\"@type\":\"PropertyValueSpecification\",\"valueRequired\":true,\"valueName\":\"search_term_string\"}}],\"inLanguage\":\"fr-FR\"},{\"@type\":\"Organization\",\"@id\":\"https:\/\/catalog.ouafra.com\/#organization\",\"name\":\"Ouafra\",\"url\":\"https:\/\/catalog.ouafra.com\/\",\"logo\":{\"@type\":\"ImageObject\",\"inLanguage\":\"fr-FR\",\"@id\":\"https:\/\/catalog.ouafra.com\/#\/schema\/logo\/image\/\",\"url\":\"https:\/\/catalog.ouafra.com\/wp-content\/uploads\/2023\/06\/cropped-catalog-ouafra.png\",\"contentUrl\":\"https:\/\/catalog.ouafra.com\/wp-content\/uploads\/2023\/06\/cropped-catalog-ouafra.png\",\"width\":512,\"height\":512,\"caption\":\"Ouafra\"},\"image\":{\"@id\":\"https:\/\/catalog.ouafra.com\/#\/schema\/logo\/image\/\"},\"sameAs\":[\"https:\/\/www.facebook.com\/0uafra\",\"https:\/\/instagram.com\/ouafracatalog\"]}]}<\/script>\n<!-- \/ Yoast SEO plugin. -->","yoast_head_json":{"title":"Long Cushions \/ \u0645\u062e\u062f\u0629 \u0637\u0648\u064a\u0644\u0629 \u2014 Handmade Moroccan Pillow | Catalog Ouafra","robots":{"index":"index","follow":"follow","max-snippet":"max-snippet:-1","max-image-preview":"max-image-preview:large","max-video-preview":"max-video-preview:-1"},"canonical":"https:\/\/catalog.ouafra.com\/fr\/produit\/long-cushions-\u0645\u062e\u062f\u0629-\u0637\u0648\u064a\u0644\u0629-handmade-moroccan-pillow\/","og_locale":"fr_FR","og_type":"article","og_title":"Long Cushions \/ \u0645\u062e\u062f\u0629 \u0637\u0648\u064a\u0644\u0629 \u2014 Handmade Moroccan Pillow | Catalog Ouafra","og_description":"Long Moroccan cushions for lumbar support and sofa styling. Choose your size.","og_url":"https:\/\/catalog.ouafra.com\/fr\/produit\/long-cushions-\u0645\u062e\u062f\u0629-\u0637\u0648\u064a\u0644\u0629-handmade-moroccan-pillow\/","og_site_name":"Catalog Ouafra","article_publisher":"https:\/\/www.facebook.com\/0uafra","article_modified_time":"2026-02-02T21:43:07+00:00","og_image":[{"width":2560,"height":1440,"url":"https:\/\/catalog.ouafra.com\/wp-content\/uploads\/2026\/02\/moroccan-black-white-LONG-cushion-cotton-lombaire-handmade-catalog-ouafra3-scaled.jpg","type":"image\/jpeg"}],"twitter_card":"summary_large_image","twitter_misc":{"Dur\u00e9e de lecture estim\u00e9e":"1 minute"},"schema":{"@context":"https:\/\/schema.org","@graph":[{"@type":"WebPage","@id":"https:\/\/catalog.ouafra.com\/product\/long-cushions-%d9%85%d8%ae%d8%af%d8%a9-%d8%b7%d9%88%d9%8a%d9%84%d8%a9-handmade-moroccan-pillow\/","url":"https:\/\/catalog.ouafra.com\/product\/long-cushions-%d9%85%d8%ae%d8%af%d8%a9-%d8%b7%d9%88%d9%8a%d9%84%d8%a9-handmade-moroccan-pillow\/","name":"Long Cushions \/ \u0645\u062e\u062f\u0629 \u0637\u0648\u064a\u0644\u0629 \u2014 Handmade Moroccan Pillow | Catalog Ouafra","isPartOf":{"@id":"https:\/\/catalog.ouafra.com\/#website"},"primaryImageOfPage":{"@id":"https:\/\/catalog.ouafra.com\/product\/long-cushions-%d9%85%d8%ae%d8%af%d8%a9-%d8%b7%d9%88%d9%8a%d9%84%d8%a9-handmade-moroccan-pillow\/#primaryimage"},"image":{"@id":"https:\/\/catalog.ouafra.com\/product\/long-cushions-%d9%85%d8%ae%d8%af%d8%a9-%d8%b7%d9%88%d9%8a%d9%84%d8%a9-handmade-moroccan-pillow\/#primaryimage"},"thumbnailUrl":"https:\/\/catalog.ouafra.com\/wp-content\/uploads\/2026\/02\/moroccan-black-white-LONG-cushion-cotton-lombaire-handmade-catalog-ouafra3-scaled.jpg","datePublished":"2026-02-02T21:14:05+00:00","dateModified":"2026-02-02T21:43:07+00:00","breadcrumb":{"@id":"https:\/\/catalog.ouafra.com\/product\/long-cushions-%d9%85%d8%ae%d8%af%d8%a9-%d8%b7%d9%88%d9%8a%d9%84%d8%a9-handmade-moroccan-pillow\/#breadcrumb"},"inLanguage":"fr-FR","potentialAction":[{"@type":"ReadAction","target":["https:\/\/catalog.ouafra.com\/product\/long-cushions-%d9%85%d8%ae%d8%af%d8%a9-%d8%b7%d9%88%d9%8a%d9%84%d8%a9-handmade-moroccan-pillow\/"]}]},{"@type":"ImageObject","inLanguage":"fr-FR","@id":"https:\/\/catalog.ouafra.com\/product\/long-cushions-%d9%85%d8%ae%d8%af%d8%a9-%d8%b7%d9%88%d9%8a%d9%84%d8%a9-handmade-moroccan-pillow\/#primaryimage","url":"https:\/\/catalog.ouafra.com\/wp-content\/uploads\/2026\/02\/moroccan-black-white-LONG-cushion-cotton-lombaire-handmade-catalog-ouafra3-scaled.jpg","contentUrl":"https:\/\/catalog.ouafra.com\/wp-content\/uploads\/2026\/02\/moroccan-black-white-LONG-cushion-cotton-lombaire-handmade-catalog-ouafra3-scaled.jpg","width":2560,"height":1440},{"@type":"BreadcrumbList","@id":"https:\/\/catalog.ouafra.com\/product\/long-cushions-%d9%85%d8%ae%d8%af%d8%a9-%d8%b7%d9%88%d9%8a%d9%84%d8%a9-handmade-moroccan-pillow\/#breadcrumb","itemListElement":[{"@type":"ListItem","position":1,"name":"Home","item":"https:\/\/catalog.ouafra.com\/"},{"@type":"ListItem","position":2,"name":"Shop","item":"https:\/\/catalog.ouafra.com\/shop-2\/"},{"@type":"ListItem","position":3,"name":"Long Cushions \/ \u0645\u062e\u062f\u0629 \u0637\u0648\u064a\u0644\u0629 \u2014 Handmade Moroccan Pillow"}]},{"@type":"WebSite","@id":"https:\/\/catalog.ouafra.com\/#website","url":"https:\/\/catalog.ouafra.com\/","name":"Catalog Ouafra","description":"Faites des achats responsables aupr\u00e8s d&#039;artisans qualifi\u00e9s, adoptez des pratiques de commerce \u00e9quitable et trouvez des objets artisanaux, des \u0153uvres d&#039;art, des textiles et bien plus encore. Achetez de mani\u00e8re \u00e9thique et soutenez les artisans du Maroc et d&#039;Afrique.","publisher":{"@id":"https:\/\/catalog.ouafra.com\/#organization"},"potentialAction":[{"@type":"SearchAction","target":{"@type":"EntryPoint","urlTemplate":"https:\/\/catalog.ouafra.com\/?s={search_term_string}"},"query-input":{"@type":"PropertyValueSpecification","valueRequired":true,"valueName":"search_term_string"}}],"inLanguage":"fr-FR"},{"@type":"Organization","@id":"https:\/\/catalog.ouafra.com\/#organization","name":"Ouafra","url":"https:\/\/catalog.ouafra.com\/","logo":{"@type":"ImageObject","inLanguage":"fr-FR","@id":"https:\/\/catalog.ouafra.com\/#\/schema\/logo\/image\/","url":"https:\/\/catalog.ouafra.com\/wp-content\/uploads\/2023\/06\/cropped-catalog-ouafra.png","contentUrl":"https:\/\/catalog.ouafra.com\/wp-content\/uploads\/2023\/06\/cropped-catalog-ouafra.png","width":512,"height":512,"caption":"Ouafra"},"image":{"@id":"https:\/\/catalog.ouafra.com\/#\/schema\/logo\/image\/"},"sameAs":["https:\/\/www.facebook.com\/0uafra","https:\/\/instagram.com\/ouafracatalog"]}]}},"jetpack_sharing_enabled":true,"_links":{"self":[{"href":"https:\/\/catalog.ouafra.com\/fr\/wp-json\/wp\/v2\/product\/2094","targetHints":{"allow":["GET"]}}],"collection":[{"href":"https:\/\/catalog.ouafra.com\/fr\/wp-json\/wp\/v2\/product"}],"about":[{"href":"https:\/\/catalog.ouafra.com\/fr\/wp-json\/wp\/v2\/types\/product"}],"replies":[{"embeddable":true,"href":"https:\/\/catalog.ouafra.com\/fr\/wp-json\/wp\/v2\/comments?post=2094"}],"version-history":[{"count":3,"href":"https:\/\/catalog.ouafra.com\/fr\/wp-json\/wp\/v2\/product\/2094\/revisions"}],"predecessor-version":[{"id":2126,"href":"https:\/\/catalog.ouafra.com\/fr\/wp-json\/wp\/v2\/product\/2094\/revisions\/2126"}],"wp:featuredmedia":[{"embeddable":true,"href":"https:\/\/catalog.ouafra.com\/fr\/wp-json\/wp\/v2\/media\/2119"}],"wp:attachment":[{"href":"https:\/\/catalog.ouafra.com\/fr\/wp-json\/wp\/v2\/media?parent=2094"}],"wp:term":[{"taxonomy":"product_brand","embeddable":true,"href":"https:\/\/catalog.ouafra.com\/fr\/wp-json\/wp\/v2\/product_brand?post=2094"},{"taxonomy":"product_cat","embeddable":true,"href":"https:\/\/catalog.ouafra.com\/fr\/wp-json\/wp\/v2\/product_cat?post=2094"},{"taxonomy":"product_tag","embeddable":true,"href":"https:\/\/catalog.ouafra.com\/fr\/wp-json\/wp\/v2\/product_tag?post=2094"}],"curies":[{"name":"wp","href":"https:\/\/api.w.org\/{rel}","templated":true}]}}