{"id":86,"date":"2023-05-24T08:33:33","date_gmt":"2023-05-24T08:33:33","guid":{"rendered":"https:\/\/catalog.ouafra.com\/?page_id=86"},"modified":"2023-05-30T16:25:44","modified_gmt":"2023-05-30T16:25:44","slug":"wholesale","status":"publish","type":"page","link":"https:\/\/catalog.ouafra.com\/ar\/wholesale\/","title":{"rendered":"\u0627\u0644\u0628\u064a\u0639 \u0628\u0627\u0644\u062c\u0645\u0644\u0629"},"content":{"rendered":"<div data-elementor-type=\"wp-page\" data-elementor-id=\"86\" class=\"elementor elementor-86\">\n\t\t\t\t<div class=\"elementor-element elementor-element-2165856 e-flex e-con-boxed e-con e-parent\" data-id=\"2165856\" data-element_type=\"container\">\n\t\t\t\t\t<div class=\"e-con-inner\">\n\t\t\t\t<div class=\"elementor-element elementor-element-0a7aa0b elementor-widget elementor-widget-spacer\" data-id=\"0a7aa0b\" data-element_type=\"widget\" data-widget_type=\"spacer.default\">\n\t\t\t\t<div class=\"elementor-widget-container\">\n\t\t\t\t\t\t\t<div class=\"elementor-spacer\">\n\t\t\t<div class=\"elementor-spacer-inner\"><\/div>\n\t\t<\/div>\n\t\t\t\t\t\t<\/div>\n\t\t\t\t<\/div>\n\t\t\t\t\t<\/div>\n\t\t\t\t<\/div>\n\t\t<div class=\"elementor-element elementor-element-ac2469f e-flex e-con-boxed e-con e-parent\" data-id=\"ac2469f\" data-element_type=\"container\">\n\t\t\t\t\t<div class=\"e-con-inner\">\n\t\t<div class=\"elementor-element elementor-element-eaeea29 e-con-full e-flex e-con e-child\" data-id=\"eaeea29\" data-element_type=\"container\">\n\t\t\t\t<div class=\"elementor-element elementor-element-371d647 elementor-widget elementor-widget-wpforms\" data-id=\"371d647\" data-element_type=\"widget\" data-widget_type=\"wpforms.default\">\n\t\t\t\t<div class=\"elementor-widget-container\">\n\t\t\t\t\t<style id=\"wpforms-css-vars-elementor-widget-371d647\">\n\t\t\t\t.elementor-widget-wpforms.elementor-element-371d647 {\n\t\t\t\t--wpforms-field-size-input-height: 43px;\n--wpforms-field-size-input-spacing: 15px;\n--wpforms-field-size-font-size: 16px;\n--wpforms-field-size-line-height: 19px;\n--wpforms-field-size-padding-h: 14px;\n--wpforms-field-size-checkbox-size: 16px;\n--wpforms-field-size-sublabel-spacing: 5px;\n--wpforms-field-size-icon-size: 1;\n--wpforms-label-size-font-size: 16px;\n--wpforms-label-size-line-height: 19px;\n--wpforms-label-size-sublabel-font-size: 14px;\n--wpforms-label-size-sublabel-line-height: 17px;\n--wpforms-button-size-font-size: 17px;\n--wpforms-button-size-height: 41px;\n--wpforms-button-size-padding-h: 15px;\n--wpforms-button-size-margin-top: 10px;\n\n\t\t\t}\n\t\t\t<\/style><div class=\"wpforms-container wpforms-container-full wpforms-render-modern\" id=\"wpforms-1562\"><form id=\"wpforms-form-1562\" class=\"wpforms-validate wpforms-form wpforms-ajax-form\" data-formid=\"1562\" method=\"post\" enctype=\"multipart\/form-data\" action=\"\/ar\/wp-json\/wp\/v2\/pages\/86\" data-token=\"50db3877fa899c62d66acc2d5a4369c1\" data-token-time=\"1777496432\" data-trp-original-action=\"\/ar\/wp-json\/wp\/v2\/pages\/86\"><noscript class=\"wpforms-error-noscript\">Please enable JavaScript in your browser to complete this form.<\/noscript><div class=\"wpforms-hidden\" id=\"wpforms-error-noscript\">Please enable JavaScript in your browser to complete this form.<\/div><div class=\"wpforms-field-container\"><div id=\"wpforms-1562-field_0-container\" class=\"wpforms-field wpforms-field-name\" data-field-id=\"0\"><fieldset><legend class=\"wpforms-field-label\">Name <span class=\"wpforms-required-label\" aria-hidden=\"true\">*<\/span><\/legend><div class=\"wpforms-field-row wpforms-field-medium\"><div class=\"wpforms-field-row-block wpforms-first wpforms-one-half\"><input type=\"text\" id=\"wpforms-1562-field_0\" class=\"wpforms-field-name-first wpforms-field-required\" name=\"wpforms[fields][0][first]\" aria-errormessage=\"wpforms-1562-field_0-error\" required><label for=\"wpforms-1562-field_0\" class=\"wpforms-field-sublabel after\">First<\/label><\/div><div class=\"wpforms-field-row-block wpforms-one-half\"><input type=\"text\" id=\"wpforms-1562-field_0-last\" class=\"wpforms-field-name-last wpforms-field-required\" name=\"wpforms[fields][0][last]\" aria-errormessage=\"wpforms-1562-field_0-last-error\" required><label for=\"wpforms-1562-field_0-last\" class=\"wpforms-field-sublabel after\">Last<\/label><\/div><\/div><\/fieldset><\/div><div id=\"wpforms-1562-field_1-container\" class=\"wpforms-field wpforms-field-email\" data-field-id=\"1\"><label class=\"wpforms-field-label\" for=\"wpforms-1562-field_1\">Email <span class=\"wpforms-required-label\" aria-hidden=\"true\">*<\/span><\/label><input type=\"email\" id=\"wpforms-1562-field_1\" class=\"wpforms-field-medium wpforms-field-required\" name=\"wpforms[fields][1]\" spellcheck=\"false\" aria-errormessage=\"wpforms-1562-field_1-error\" required><\/div><div id=\"wpforms-1562-field_6-container\" class=\"wpforms-field wpforms-field-number-slider\" data-field-id=\"6\"><label class=\"wpforms-field-label\" for=\"wpforms-1562-field_6\">Quantity<\/label>\n<input\n\ttype=\"range\"\n\tid=\"wpforms-1562-field_6\" class=\"wpforms-field-medium\" name=\"wpforms[fields][6]\" value=\"20\" aria-errormessage=\"wpforms-1562-field_6-error\" aria-describedby=\"wpforms-1562-field_6-description\"\t\tmin=\"20\"\n\tmax=\"10000\"\n\tstep=\"1\">\n\n<div class=\"wpforms-field-number-slider-hint\"\n\tdata-hint=\"Selected Value: {value}\">\n\tSelected Value: <b>20<\/b><\/div>\n<div id=\"wpforms-1562-field_6-description\" class=\"wpforms-field-description\">An estimation of quantity you'd like to order.<\/div><\/div><div id=\"wpforms-1562-field_7-container\" class=\"wpforms-field wpforms-field-text\" data-field-id=\"7\"><label class=\"wpforms-field-label\" for=\"wpforms-1562-field_7\">Product names or links<\/label><input type=\"text\" id=\"wpforms-1562-field_7\" class=\"wpforms-field-medium\" name=\"wpforms[fields][7]\" aria-errormessage=\"wpforms-1562-field_7-error\" ><\/div><div id=\"wpforms-1562-field_4-container\" class=\"wpforms-field wpforms-field-select wpforms-field-select-style-classic\" data-field-id=\"4\"><label class=\"wpforms-field-label\" for=\"wpforms-1562-field_4\">Business Type<\/label><select id=\"wpforms-1562-field_4\" class=\"wpforms-field-medium\" name=\"wpforms[fields][4]\"><option value=\"Retailer\" >Retailer<\/option><option value=\"Interior Designer\" >Interior Designer<\/option><option value=\"E-commerce \/ Dropshipper\" >E-commerce \/ Dropshipper<\/option><option value=\"Corporate \/ Events\" >Corporate \/ Events<\/option><option value=\"Wholesale Distributor\" >Wholesale Distributor<\/option><option value=\"Hospitality Industry (Hotels, Resorts...)\" >Hospitality Industry (Hotels, Resorts...)<\/option><\/select><\/div><div id=\"wpforms-1562-field_2-container\" class=\"wpforms-field wpforms-field-textarea\" data-field-id=\"2\"><label class=\"wpforms-field-label\" for=\"wpforms-1562-field_2\">Message (You can include a WhatsApp number for quicker responses)<\/label><textarea id=\"wpforms-1562-field_2\" class=\"wpforms-field-medium\" name=\"wpforms[fields][2]\" aria-errormessage=\"wpforms-1562-field_2-error\" ><\/textarea><\/div><\/div><!-- .wpforms-field-container --><div class=\"wpforms-submit-container\" ><input type=\"hidden\" name=\"wpforms[id]\" value=\"1562\"><input type=\"hidden\" name=\"page_title\" value=\"\"><input type=\"hidden\" name=\"page_url\" value=\"https:\/\/catalog.ouafra.com\/ar\/wp-json\/wp\/v2\/pages\/86\"><input type=\"hidden\" name=\"url_referer\" value=\"\"><button type=\"submit\" name=\"wpforms[submit]\" id=\"wpforms-submit-1562\" class=\"wpforms-submit\" data-alt-text=\"Sending...\" data-submit-text=\"Submit\" aria-live=\"assertive\" value=\"wpforms-submit\">Submit<\/button><img decoding=\"async\" src=\"https:\/\/catalog.ouafra.com\/wp-content\/plugins\/wpforms-lite\/assets\/images\/submit-spin.svg\" class=\"wpforms-submit-spinner\" style=\"display: none;\" width=\"26\" height=\"26\" alt=\"Loading\"><\/div><input type=\"hidden\" name=\"trp-form-language\" value=\"ar\"\/><\/form><\/div>  <!-- .wpforms-container -->\t\t\t\t<\/div>\n\t\t\t\t<\/div>\n\t\t\t\t<\/div>\n\t\t<div class=\"elementor-element elementor-element-0b5f6fb e-con-full e-flex e-con e-child\" data-id=\"0b5f6fb\" data-element_type=\"container\">\n\t\t\t\t<div class=\"elementor-element elementor-element-4ee08d5 elementor-widget elementor-widget-sidebar\" data-id=\"4ee08d5\" data-element_type=\"widget\" data-widget_type=\"sidebar.default\">\n\t\t\t\t<div class=\"elementor-widget-container\">\n\t\t\t\t\t<div id=\"ocean_contact_info-1\" class=\"footer-widget widget-oceanwp-contact-info clr\"><h4 class=\"widget-title\">\u0645\u0639\u0644\u0648\u0645\u0627\u062a \u0627\u0644\u0627\u062a\u0635\u0627\u0644<\/h4><ul class=\"contact-info-widget default\"><li class=\"address\"><i class=\"icon-location-pin\" aria-hidden=\"true\"><\/i><div class=\"oceanwp-info-wrap\"><span class=\"oceanwp-contact-title\">Adresse:<\/span><span class=\"oceanwp-contact-text\">170, Safi 2 - SAFI<\/span><\/div><\/li><li class=\"phone\"><i class=\"icon-phone\" aria-hidden=\"true\"><\/i><div class=\"oceanwp-info-wrap\"><span class=\"oceanwp-contact-title\">T\u00e9l\u00e9phone:<\/span><span class=\"oceanwp-contact-text\">664026660<\/span><\/div><\/li><li class=\"email\"><i class=\"icon-envelope\" aria-hidden=\"true\"><\/i><div class=\"oceanwp-info-wrap\"><span class=\"oceanwp-contact-title\">\u0627\u0644\u0628\u0631\u064a\u062f \u0627\u0644\u0625\u0644\u0643\u062a\u0631\u0648\u0646\u064a<\/span><span class=\"oceanwp-contact-text\"><a href=\"mailto:i&#110;&#102;o&#064;o&#117;afra&#046;c&#111;m\">info@ouafra.com<\/a><span class=\"screen-reader-text\">Opens in your application<\/span><\/span><\/div><\/li><li class=\"web\"><i class=\"icon-link\" aria-hidden=\"true\"><\/i><div class=\"oceanwp-info-wrap\"><span class=\"oceanwp-contact-title\">Portail d&#039;Annonces:<\/span><span class=\"oceanwp-contact-text\"><a href=\"https:\/\/ouafra.com\/\" target=\"_self\" >ouafra.com<\/a><\/span><\/div><\/li><\/ul><\/div>\t\t\t\t<\/div>\n\t\t\t\t<\/div>\n\t\t\t\t<\/div>\n\t\t\t\t\t<\/div>\n\t\t\t\t<\/div>\n\t\t\t\t<\/div>","protected":false},"excerpt":{"rendered":"","protected":false},"author":1,"featured_media":0,"parent":0,"menu_order":0,"comment_status":"closed","ping_status":"closed","template":"","meta":{"ocean_post_layout":"","ocean_both_sidebars_style":"","ocean_both_sidebars_content_width":0,"ocean_both_sidebars_sidebars_width":0,"ocean_sidebar":"0","ocean_second_sidebar":"0","ocean_disable_margins":"enable","ocean_add_body_class":"","ocean_shortcode_before_top_bar":"","ocean_shortcode_after_top_bar":"","ocean_shortcode_before_header":"","ocean_shortcode_after_header":"","ocean_has_shortcode":"","ocean_shortcode_after_title":"","ocean_shortcode_before_footer_widgets":"","ocean_shortcode_after_footer_widgets":"","ocean_shortcode_before_footer_bottom":"","ocean_shortcode_after_footer_bottom":"","ocean_display_top_bar":"default","ocean_display_header":"default","ocean_header_style":"","ocean_center_header_left_menu":"0","ocean_custom_header_template":"0","ocean_custom_logo":0,"ocean_custom_retina_logo":0,"ocean_custom_logo_max_width":0,"ocean_custom_logo_tablet_max_width":0,"ocean_custom_logo_mobile_max_width":0,"ocean_custom_logo_max_height":0,"ocean_custom_logo_tablet_max_height":0,"ocean_custom_logo_mobile_max_height":0,"ocean_header_custom_menu":"0","ocean_menu_typo_font_family":"0","ocean_menu_typo_font_subset":"","ocean_menu_typo_font_size":0,"ocean_menu_typo_font_size_tablet":0,"ocean_menu_typo_font_size_mobile":0,"ocean_menu_typo_font_size_unit":"px","ocean_menu_typo_font_weight":"","ocean_menu_typo_font_weight_tablet":"","ocean_menu_typo_font_weight_mobile":"","ocean_menu_typo_transform":"","ocean_menu_typo_transform_tablet":"","ocean_menu_typo_transform_mobile":"","ocean_menu_typo_line_height":0,"ocean_menu_typo_line_height_tablet":0,"ocean_menu_typo_line_height_mobile":0,"ocean_menu_typo_line_height_unit":"","ocean_menu_typo_spacing":0,"ocean_menu_typo_spacing_tablet":0,"ocean_menu_typo_spacing_mobile":0,"ocean_menu_typo_spacing_unit":"","ocean_menu_link_color":"","ocean_menu_link_color_hover":"","ocean_menu_link_color_active":"","ocean_menu_link_background":"","ocean_menu_link_hover_background":"","ocean_menu_link_active_background":"","ocean_menu_social_links_bg":"","ocean_menu_social_hover_links_bg":"","ocean_menu_social_links_color":"","ocean_menu_social_hover_links_color":"","ocean_disable_title":"default","ocean_disable_heading":"default","ocean_post_title":"","ocean_post_subheading":"","ocean_post_title_style":"","ocean_post_title_background_color":"","ocean_post_title_background":0,"ocean_post_title_bg_image_position":"","ocean_post_title_bg_image_attachment":"","ocean_post_title_bg_image_repeat":"","ocean_post_title_bg_image_size":"","ocean_post_title_height":0,"ocean_post_title_bg_overlay":0.5,"ocean_post_title_bg_overlay_color":"","ocean_disable_breadcrumbs":"default","ocean_breadcrumbs_color":"","ocean_breadcrumbs_separator_color":"","ocean_breadcrumbs_links_color":"","ocean_breadcrumbs_links_hover_color":"","ocean_display_footer_widgets":"default","ocean_display_footer_bottom":"default","ocean_custom_footer_template":"0","omw_enable_modal_window":"enable","footnotes":""},"class_list":["post-86","page","type-page","status-publish","hentry","entry","owp-thumbs-layout-horizontal","owp-btn-normal","owp-tabs-layout-horizontal","has-no-thumbnails","has-product-nav"],"yoast_head":"<!-- This site is optimized with the Yoast SEO plugin v25.1 - https:\/\/yoast.com\/wordpress\/plugins\/seo\/ -->\n<title>wholesale | Catalog Ouafra<\/title>\n<meta name=\"robots\" content=\"index, follow, max-snippet:-1, max-image-preview:large, max-video-preview:-1\" \/>\n<link rel=\"canonical\" href=\"https:\/\/catalog.ouafra.com\/ar\/wholesale\/\" \/>\n<meta property=\"og:locale\" content=\"ar_AR\" \/>\n<meta property=\"og:type\" content=\"article\" \/>\n<meta property=\"og:title\" content=\"wholesale | Catalog Ouafra\" \/>\n<meta property=\"og:url\" content=\"https:\/\/catalog.ouafra.com\/ar\/wholesale\/\" \/>\n<meta property=\"og:site_name\" content=\"Catalog Ouafra\" \/>\n<meta property=\"article:publisher\" content=\"https:\/\/www.facebook.com\/0uafra\" \/>\n<meta property=\"article:modified_time\" content=\"2023-05-30T16:25:44+00:00\" \/>\n<meta name=\"twitter:card\" content=\"summary_large_image\" \/>\n<meta name=\"twitter:label1\" content=\"\u0648\u0642\u062a \u0627\u0644\u0642\u0631\u0627\u0621\u0629 \u0627\u0644\u0645\u064f\u0642\u062f\u0651\u0631\" \/>\n\t<meta name=\"twitter:data1\" content=\"\u062f\u0642\u064a\u0642\u062a\u0627\u0646\" \/>\n<script type=\"application\/ld+json\" class=\"yoast-schema-graph\">{\"@context\":\"https:\/\/schema.org\",\"@graph\":[{\"@type\":\"WebPage\",\"@id\":\"https:\/\/catalog.ouafra.com\/wholesale\/\",\"url\":\"https:\/\/catalog.ouafra.com\/wholesale\/\",\"name\":\"wholesale | Catalog Ouafra\",\"isPartOf\":{\"@id\":\"https:\/\/catalog.ouafra.com\/#website\"},\"datePublished\":\"2023-05-24T08:33:33+00:00\",\"dateModified\":\"2023-05-30T16:25:44+00:00\",\"breadcrumb\":{\"@id\":\"https:\/\/catalog.ouafra.com\/wholesale\/#breadcrumb\"},\"inLanguage\":\"ar\",\"potentialAction\":[{\"@type\":\"ReadAction\",\"target\":[\"https:\/\/catalog.ouafra.com\/wholesale\/\"]}]},{\"@type\":\"BreadcrumbList\",\"@id\":\"https:\/\/catalog.ouafra.com\/wholesale\/#breadcrumb\",\"itemListElement\":[{\"@type\":\"ListItem\",\"position\":1,\"name\":\"Home\",\"item\":\"https:\/\/catalog.ouafra.com\/\"},{\"@type\":\"ListItem\",\"position\":2,\"name\":\"wholesale\"}]},{\"@type\":\"WebSite\",\"@id\":\"https:\/\/catalog.ouafra.com\/#website\",\"url\":\"https:\/\/catalog.ouafra.com\/\",\"name\":\"Catalog Ouafra\",\"description\":\"Faites des achats responsables aupr\u00e8s d&#039;artisans qualifi\u00e9s, adoptez des pratiques de commerce \u00e9quitable et trouvez des objets artisanaux, des \u0153uvres d&#039;art, des textiles et bien plus encore. Achetez de mani\u00e8re \u00e9thique et soutenez les artisans du Maroc et d&#039;Afrique.\",\"publisher\":{\"@id\":\"https:\/\/catalog.ouafra.com\/#organization\"},\"potentialAction\":[{\"@type\":\"SearchAction\",\"target\":{\"@type\":\"EntryPoint\",\"urlTemplate\":\"https:\/\/catalog.ouafra.com\/?s={search_term_string}\"},\"query-input\":{\"@type\":\"PropertyValueSpecification\",\"valueRequired\":true,\"valueName\":\"search_term_string\"}}],\"inLanguage\":\"ar\"},{\"@type\":\"Organization\",\"@id\":\"https:\/\/catalog.ouafra.com\/#organization\",\"name\":\"Ouafra\",\"url\":\"https:\/\/catalog.ouafra.com\/\",\"logo\":{\"@type\":\"ImageObject\",\"inLanguage\":\"ar\",\"@id\":\"https:\/\/catalog.ouafra.com\/#\/schema\/logo\/image\/\",\"url\":\"https:\/\/catalog.ouafra.com\/wp-content\/uploads\/2023\/06\/cropped-catalog-ouafra.png\",\"contentUrl\":\"https:\/\/catalog.ouafra.com\/wp-content\/uploads\/2023\/06\/cropped-catalog-ouafra.png\",\"width\":512,\"height\":512,\"caption\":\"Ouafra\"},\"image\":{\"@id\":\"https:\/\/catalog.ouafra.com\/#\/schema\/logo\/image\/\"},\"sameAs\":[\"https:\/\/www.facebook.com\/0uafra\",\"https:\/\/instagram.com\/ouafracatalog\"]}]}<\/script>\n<!-- \/ Yoast SEO plugin. -->","yoast_head_json":{"title":"wholesale | Catalog Ouafra","robots":{"index":"index","follow":"follow","max-snippet":"max-snippet:-1","max-image-preview":"max-image-preview:large","max-video-preview":"max-video-preview:-1"},"canonical":"https:\/\/catalog.ouafra.com\/ar\/wholesale\/","og_locale":"ar_AR","og_type":"article","og_title":"wholesale | Catalog Ouafra","og_url":"https:\/\/catalog.ouafra.com\/ar\/wholesale\/","og_site_name":"Catalog Ouafra","article_publisher":"https:\/\/www.facebook.com\/0uafra","article_modified_time":"2023-05-30T16:25:44+00:00","twitter_card":"summary_large_image","twitter_misc":{"\u0648\u0642\u062a \u0627\u0644\u0642\u0631\u0627\u0621\u0629 \u0627\u0644\u0645\u064f\u0642\u062f\u0651\u0631":"\u062f\u0642\u064a\u0642\u062a\u0627\u0646"},"schema":{"@context":"https:\/\/schema.org","@graph":[{"@type":"WebPage","@id":"https:\/\/catalog.ouafra.com\/wholesale\/","url":"https:\/\/catalog.ouafra.com\/wholesale\/","name":"wholesale | Catalog Ouafra","isPartOf":{"@id":"https:\/\/catalog.ouafra.com\/#website"},"datePublished":"2023-05-24T08:33:33+00:00","dateModified":"2023-05-30T16:25:44+00:00","breadcrumb":{"@id":"https:\/\/catalog.ouafra.com\/wholesale\/#breadcrumb"},"inLanguage":"ar","potentialAction":[{"@type":"ReadAction","target":["https:\/\/catalog.ouafra.com\/wholesale\/"]}]},{"@type":"BreadcrumbList","@id":"https:\/\/catalog.ouafra.com\/wholesale\/#breadcrumb","itemListElement":[{"@type":"ListItem","position":1,"name":"Home","item":"https:\/\/catalog.ouafra.com\/"},{"@type":"ListItem","position":2,"name":"wholesale"}]},{"@type":"WebSite","@id":"https:\/\/catalog.ouafra.com\/#website","url":"https:\/\/catalog.ouafra.com\/","name":"Catalog Ouafra","description":"Faites des achats responsables aupr\u00e8s d&#039;artisans qualifi\u00e9s, adoptez des pratiques de commerce \u00e9quitable et trouvez des objets artisanaux, des \u0153uvres d&#039;art, des textiles et bien plus encore. Achetez de mani\u00e8re \u00e9thique et soutenez les artisans du Maroc et d&#039;Afrique.","publisher":{"@id":"https:\/\/catalog.ouafra.com\/#organization"},"potentialAction":[{"@type":"SearchAction","target":{"@type":"EntryPoint","urlTemplate":"https:\/\/catalog.ouafra.com\/?s={search_term_string}"},"query-input":{"@type":"PropertyValueSpecification","valueRequired":true,"valueName":"search_term_string"}}],"inLanguage":"ar"},{"@type":"Organization","@id":"https:\/\/catalog.ouafra.com\/#organization","name":"Ouafra","url":"https:\/\/catalog.ouafra.com\/","logo":{"@type":"ImageObject","inLanguage":"ar","@id":"https:\/\/catalog.ouafra.com\/#\/schema\/logo\/image\/","url":"https:\/\/catalog.ouafra.com\/wp-content\/uploads\/2023\/06\/cropped-catalog-ouafra.png","contentUrl":"https:\/\/catalog.ouafra.com\/wp-content\/uploads\/2023\/06\/cropped-catalog-ouafra.png","width":512,"height":512,"caption":"Ouafra"},"image":{"@id":"https:\/\/catalog.ouafra.com\/#\/schema\/logo\/image\/"},"sameAs":["https:\/\/www.facebook.com\/0uafra","https:\/\/instagram.com\/ouafracatalog"]}]}},"jetpack_sharing_enabled":true,"_links":{"self":[{"href":"https:\/\/catalog.ouafra.com\/ar\/wp-json\/wp\/v2\/pages\/86","targetHints":{"allow":["GET"]}}],"collection":[{"href":"https:\/\/catalog.ouafra.com\/ar\/wp-json\/wp\/v2\/pages"}],"about":[{"href":"https:\/\/catalog.ouafra.com\/ar\/wp-json\/wp\/v2\/types\/page"}],"author":[{"embeddable":true,"href":"https:\/\/catalog.ouafra.com\/ar\/wp-json\/wp\/v2\/users\/1"}],"replies":[{"embeddable":true,"href":"https:\/\/catalog.ouafra.com\/ar\/wp-json\/wp\/v2\/comments?post=86"}],"version-history":[{"count":13,"href":"https:\/\/catalog.ouafra.com\/ar\/wp-json\/wp\/v2\/pages\/86\/revisions"}],"predecessor-version":[{"id":1578,"href":"https:\/\/catalog.ouafra.com\/ar\/wp-json\/wp\/v2\/pages\/86\/revisions\/1578"}],"wp:attachment":[{"href":"https:\/\/catalog.ouafra.com\/ar\/wp-json\/wp\/v2\/media?parent=86"}],"curies":[{"name":"wp","href":"https:\/\/api.w.org\/{rel}","templated":true}]}}